{"id":8,"date":"2020-05-13T17:19:24","date_gmt":"2020-05-13T15:19:24","guid":{"rendered":"https:\/\/reis-solln.de\/?page_id=8"},"modified":"2026-04-01T14:05:18","modified_gmt":"2026-04-01T12:05:18","slug":"home","status":"publish","type":"page","link":"https:\/\/reis-solln.de\/","title":{"rendered":"Home"},"content":{"rendered":"<section class=\"l-section wpb_row height_auto\"><div class=\"l-section-h i-cf\"><div class=\"g-cols vc_row via_flex valign_top type_default stacking_default\"><div class=\"vc_col-sm-12 wpb_column vc_column_container\"><div class=\"vc_column-inner\"><div class=\"wpb_wrapper\"><div class=\"w-image align_center\"><a title=\"Home\" href=\"https:\/\/reis-solln.de\/\" aria-label=\"BR_Logo\" class=\"w-image-h\"><img decoding=\"async\" width=\"300\" height=\"207\" src=\"https:\/\/reis-solln.de\/wp-content\/uploads\/2020\/05\/BR_Logo-300x207.jpg\" class=\"attachment-medium size-medium\" alt=\"\" loading=\"lazy\" srcset=\"https:\/\/reis-solln.de\/wp-content\/uploads\/2020\/05\/BR_Logo-300x207.jpg 300w, https:\/\/reis-solln.de\/wp-content\/uploads\/2020\/05\/BR_Logo-1024x705.jpg 1024w\" sizes=\"auto, (max-width: 300px) 100vw, 300px\" \/><\/a><\/div><\/div><\/div><\/div><\/div><\/div><\/section><section class=\"l-section wpb_row height_auto\"><div class=\"l-section-h i-cf\"><div class=\"g-cols vc_row via_flex valign_top type_default stacking_default\"><div class=\"vc_col-sm-12 wpb_column vc_column_container\"><div class=\"vc_column-inner\"><div class=\"wpb_wrapper\"><div class=\"w-slider style_none fit_scaledown nav_none count_19\"><div class=\"w-slider-h\"><div class=\"royalSlider\"><div class=\"rsContent\"><a class=\"rsImg\" data-rsw=\"2560\" data-rsh=\"1707\" href=\"https:\/\/reis-solln.de\/wp-content\/uploads\/2025\/04\/DSC05485-neu-Foto-check-1-1-scaled.jpg\"><span data-alt=\"\"><\/span><\/a><\/div><div class=\"rsContent\"><a class=\"rsImg\" data-rsw=\"1226\" data-rsh=\"665\" href=\"https:\/\/reis-solln.de\/wp-content\/uploads\/2021\/03\/lamm2.jpg\"><span data-alt=\"\"><\/span><\/a><\/div><div class=\"rsContent\"><a class=\"rsImg\" data-rsw=\"2048\" data-rsh=\"1365\" href=\"https:\/\/reis-solln.de\/wp-content\/uploads\/2025\/12\/DSC07923.jpg\"><span data-alt=\"\"><\/span><\/a><\/div><div class=\"rsContent\"><a class=\"rsImg\" data-rsw=\"1024\" data-rsh=\"679\" href=\"https:\/\/reis-solln.de\/wp-content\/uploads\/2020\/10\/IMG_5825.jpg\"><span data-alt=\"\"><\/span><\/a><\/div><div class=\"rsContent\"><a class=\"rsImg\" data-rsw=\"2560\" data-rsh=\"1707\" href=\"https:\/\/reis-solln.de\/wp-content\/uploads\/2025\/07\/DSC00502-scaled.jpg\"><span data-alt=\"\"><\/span><\/a><\/div><div class=\"rsContent\"><a class=\"rsImg\" data-rsw=\"2048\" data-rsh=\"1365\" href=\"https:\/\/reis-solln.de\/wp-content\/uploads\/2025\/12\/DSC07671.jpg\"><span data-alt=\"\"><\/span><\/a><\/div><div class=\"rsContent\"><a class=\"rsImg\" data-rsw=\"1226\" data-rsh=\"665\" href=\"https:\/\/reis-solln.de\/wp-content\/uploads\/2020\/07\/pavillon_offen5.jpg\"><span data-alt=\"\"><\/span><\/a><\/div><div class=\"rsContent\"><a class=\"rsImg\" data-rsw=\"2048\" data-rsh=\"1365\" href=\"https:\/\/reis-solln.de\/wp-content\/uploads\/2025\/12\/DSC07116.jpg\"><span data-alt=\"\"><\/span><\/a><\/div><div class=\"rsContent\"><a class=\"rsImg\" data-rsw=\"2560\" data-rsh=\"1707\" href=\"https:\/\/reis-solln.de\/wp-content\/uploads\/2025\/07\/DSC00619-scaled.jpg\"><span data-alt=\"\"><\/span><\/a><\/div><div class=\"rsContent\"><a class=\"rsImg\" data-rsw=\"2560\" data-rsh=\"1707\" href=\"https:\/\/reis-solln.de\/wp-content\/uploads\/2025\/07\/DSC00597-scaled.jpg\"><span data-alt=\"\"><\/span><\/a><\/div><div class=\"rsContent\"><a class=\"rsImg\" data-rsw=\"2048\" data-rsh=\"1365\" href=\"https:\/\/reis-solln.de\/wp-content\/uploads\/2025\/12\/DSC07787.jpg\"><span data-alt=\"\"><\/span><\/a><\/div><div class=\"rsContent\"><a class=\"rsImg\" data-rsw=\"2048\" data-rsh=\"1365\" href=\"https:\/\/reis-solln.de\/wp-content\/uploads\/2025\/12\/DSC07893.jpg\"><span data-alt=\"\"><\/span><\/a><\/div><div class=\"rsContent\"><a class=\"rsImg\" data-rsw=\"2048\" data-rsh=\"1365\" href=\"https:\/\/reis-solln.de\/wp-content\/uploads\/2025\/12\/DSC07401.jpg\"><span data-alt=\"\"><\/span><\/a><\/div><div class=\"rsContent\"><a class=\"rsImg\" data-rsw=\"2048\" data-rsh=\"1365\" href=\"https:\/\/reis-solln.de\/wp-content\/uploads\/2025\/12\/DSC07391.jpg\"><span data-alt=\"\"><\/span><\/a><\/div><div class=\"rsContent\"><a class=\"rsImg\" data-rsw=\"2048\" data-rsh=\"1152\" href=\"https:\/\/reis-solln.de\/wp-content\/uploads\/2026\/01\/Reis_1.61.1.jpg\"><span data-alt=\"\"><\/span><\/a><\/div><div class=\"rsContent\"><a class=\"rsImg\" data-rsw=\"2048\" data-rsh=\"1152\" href=\"https:\/\/reis-solln.de\/wp-content\/uploads\/2026\/01\/Reis_1.103.1.jpg\"><span data-alt=\"\"><\/span><\/a><\/div><div class=\"rsContent\"><a class=\"rsImg\" data-rsw=\"2560\" data-rsh=\"1707\" href=\"https:\/\/reis-solln.de\/wp-content\/uploads\/2025\/07\/DSC00263-scaled.jpg\"><span data-alt=\"\"><\/span><\/a><\/div><div class=\"rsContent\"><a class=\"rsImg\" data-rsw=\"2560\" data-rsh=\"1440\" href=\"https:\/\/reis-solln.de\/wp-content\/uploads\/2026\/01\/Reis_Krapfen_Brote_Italiener_Laugen-94-scaled.jpg\"><span data-alt=\"\"><\/span><\/a><\/div><div class=\"rsContent\"><a class=\"rsImg\" data-rsw=\"2560\" data-rsh=\"1440\" href=\"https:\/\/reis-solln.de\/wp-content\/uploads\/2026\/01\/Reis_Krapfen_Brote_Italiener_Laugen-70-scaled.jpg\"><span data-alt=\"\"><\/span><\/a><\/div><\/div><img decoding=\"async\" src=\"https:\/\/reis-solln.de\/wp-content\/uploads\/2025\/04\/DSC05485-neu-Foto-check-1-1-scaled.jpg\" width=\"2560\" height=\"1707\" alt loading=\"lazy\"><\/div><div class=\"w-slider-json\" onclick='return {&quot;autoScaleSlider&quot;:true,&quot;addActiveClass&quot;:true,&quot;loop&quot;:true,&quot;fadeInLoadedSlide&quot;:false,&quot;slidesSpacing&quot;:0,&quot;imageScalePadding&quot;:0,&quot;numImagesToPreload&quot;:2,&quot;arrowsNav&quot;:true,&quot;arrowsNavAutoHide&quot;:false,&quot;transitionType&quot;:&quot;move&quot;,&quot;transitionSpeed&quot;:250,&quot;block&quot;:{&quot;moveEffect&quot;:&quot;none&quot;,&quot;speed&quot;:300},&quot;thumbs&quot;:{&quot;fitInViewport&quot;:false,&quot;firstMargin&quot;:false,&quot;spacing&quot;:4},&quot;controlNavigation&quot;:&quot;none&quot;,&quot;autoplay&quot;:{&quot;enabled&quot;:true,&quot;pauseOnHover&quot;:true,&quot;delay&quot;:8000},&quot;autoScaleSliderWidth&quot;:2560,&quot;autoScaleSliderHeight&quot;:1707}'><\/div><\/div><div class=\"w-separator size_small\"><\/div><\/div><\/div><\/div><\/div><\/div><\/section><section class=\"l-section wpb_row height_auto\"><div class=\"l-section-h i-cf\"><div class=\"g-cols vc_row via_flex valign_top type_default stacking_default\"><div class=\"vc_col-sm-12 wpb_column vc_column_container\"><div class=\"vc_column-inner\"><div class=\"wpb_wrapper\"><div class=\"wpb_text_column\"><div class=\"wpb_wrapper\"><h4><strong>B\u00e4ckerei Reis &#8211; Ihre Familienb\u00e4ckerei mit Herz &amp; Hand<br \/>\n<\/strong><\/h4>\n<p>Seit Generationen ist es uns ein Anliegen, unseren Kunden Tag f\u00fcr Tag hochwertige, schmackhafte und frische Backwaren anzubieten, hergestellt nach bester handwerklicher Tradition. Dabei legen wir gr\u00f6\u00dften Wert darauf, dass unsere Produkte ausschlie\u00dflich aus kontrolliert \u00f6kologisch angebautem Getreide von uns produziert werden. Wir verwenden nur beste Zutaten um unsere Backwaren mit h\u00f6chster Qualit\u00e4t herzustellen.\u00a0Unser Palette an Bio-Produkten bauen wir kontinuierlich aus.<\/p>\n<\/div><\/div><\/div><\/div><\/div><\/div><\/div><\/section><section class=\"l-section wpb_row us_custom_79a6436d height_auto\"><div class=\"l-section-h i-cf\"><div class=\"g-cols vc_row via_flex valign_top type_default stacking_default\"><div class=\"vc_col-sm-3 wpb_column vc_column_container\"><div class=\"vc_column-inner\"><div class=\"wpb_wrapper\"><div class=\"wpb_text_column\"><div class=\"wpb_wrapper\"><p><strong>Stammhaus &amp; Produktion<\/strong><br \/>\nFestingstra\u00dfe 4<br \/>\n81479 M\u00fcnchen<br \/>\nTel. 089\/794764<\/p>\n<p><strong>\u00d6ffnungszeiten<\/strong><br \/>\nMo &#8211; Fr 6:15 Uhr bis 18:00 Uhr<br \/>\nSa 6:15 Uhr bis 12:30 Uhr<br \/>\nSonntag und Feiertage geschlossen<\/p>\n<p>CAF\u00c9: Mo &#8211; Fr 8:15 Uhr bis 17:00 Uhr<br \/>\nSamstag, Sonntag und Feiertag geschlossen<\/p>\n<p><strong>In den Osterferien:\u00a0<\/strong><\/p>\n<p>Gr\u00fcndonnerstag bis 10.4. begr\u00fc\u00dfen wir Sie von 8:15-15:00 in unserem Caf\u00e9.<\/p>\n<\/div><\/div><\/div><\/div><\/div><div class=\"vc_col-sm-3 wpb_column vc_column_container\"><div class=\"vc_column-inner\"><div class=\"wpb_wrapper\"><div class=\"wpb_text_column\"><div class=\"wpb_wrapper\"><p><strong>Filiale Forstenried<\/strong><br \/>\nForstenrieder Allee 164<br \/>\n81476 M\u00fcnchen<br \/>\nTel. 089\/7459480<\/p>\n<p><strong>\u00d6ffnungszeiten<\/strong><br \/>\nMo &#8211; Fr 6:15 Uhr bis 18:00 Uhr<br \/>\nSa 6:15 Uhr bis 12:00 Uhr<br \/>\nSonntag und Feiertag<\/p>\n<p>&nbsp;<\/p>\n<\/div><\/div><div class=\"wpb_text_column\"><div class=\"wpb_wrapper\"><\/div><\/div><\/div><\/div><\/div><div class=\"vc_col-sm-3 wpb_column vc_column_container\"><div class=\"vc_column-inner\"><div class=\"wpb_wrapper\"><div class=\"g-cols wpb_row via_flex valign_top type_default stacking_default\"><div class=\"vc_col-sm-12 wpb_column vc_column_container\"><div class=\"vc_column-inner\"><div class=\"wpb_wrapper\"><div class=\"wpb_text_column\"><div class=\"wpb_wrapper\"><div class=\"wp-block-columns\">\n<div class=\"wp-block-column\">\n<p><strong>Pavillon<\/strong><br \/>\nWolfratshauser Stra\u00dfe 224<br \/>\n81479 M\u00fcnchen<br \/>\nTel. 089\/99751415<\/p>\n<p><strong>\u00d6ffnungszeiten<\/strong><br \/>\nMo &#8211; Fr 7:00 Uhr bis 18:00 Uhr<br \/>\nSa 7:00 Uhr bis 13:00 Uhr<br \/>\nSonntag und Feiertag geschlossen<\/p>\n<p>&nbsp;<\/p>\n<\/div>\n<p><!-- \/wp:column --><\/p>\n<\/div>\n<p>&nbsp;<\/p>\n<p>&nbsp;<\/p>\n<\/div><\/div><div class=\"wpb_text_column\"><div class=\"wpb_wrapper\"><p>Besuchen Sie uns auf Instagram:<\/p>\n<\/div><\/div><\/div><\/div><\/div><\/div><div class=\"w-image align_none\"><a href=\"https:\/\/www.instagram.com\/reis_solln\/\" aria-label=\"Instagram-logo-transparent__\" class=\"w-image-h\"><img decoding=\"async\" width=\"38\" height=\"38\" src=\"https:\/\/reis-solln.de\/wp-content\/uploads\/2022\/03\/Instagram-logo-transparent__.jpg\" class=\"attachment-full size-full\" alt=\"\" loading=\"lazy\" \/><\/a><\/div><\/div><\/div><\/div><div class=\"vc_col-sm-3 wpb_column vc_column_container\"><div class=\"vc_column-inner\"><div class=\"wpb_wrapper\"><div class=\"wpb_text_column\"><div class=\"wpb_wrapper\"><p><strong>Bestellungen:<\/strong><\/p>\n<p>Bitte senden Sie Ihre Bestellungen an<strong> <a href=\"mailto:bestellung@reis-solln.de\">bestellung@reis-solln.de<\/a><\/strong><\/p>\n<p>&nbsp;<\/p>\n<p>&nbsp;<\/p>\n<p>&nbsp;<\/p>\n<p><img loading=\"lazy\" decoding=\"async\" class=\"alignnone size-medium wp-image-102\" src=\"https:\/\/reis-solln.de\/wp-content\/uploads\/2020\/10\/Reis_Breze_4c_121020-300x265.png\" alt=\"\" width=\"300\" height=\"265\" srcset=\"https:\/\/reis-solln.de\/wp-content\/uploads\/2020\/10\/Reis_Breze_4c_121020-300x265.png 300w, https:\/\/reis-solln.de\/wp-content\/uploads\/2020\/10\/Reis_Breze_4c_121020.png 416w\" sizes=\"auto, (max-width: 300px) 100vw, 300px\" \/><\/p>\n<\/div><\/div><\/div><\/div><\/div><\/div><\/div><\/section><section class=\"l-section wpb_row height_auto\"><div class=\"l-section-h i-cf\"><div class=\"g-cols vc_row via_flex valign_top type_default stacking_default\"><div class=\"vc_col-sm-12 wpb_column vc_column_container\"><div class=\"vc_column-inner\"><div class=\"wpb_wrapper\"><div class=\"wpb_text_column\"><div class=\"wpb_wrapper\"><p><strong>Wir stellen ein!\u00a0<\/strong><\/p>\n<p><a href=\"https:\/\/reis-solln.de\/wp-content\/uploads\/2026\/03\/Baeckerei-Reis-Stellenanzeige-Verkaeufer-Gruenwald.pdf\">Verk\u00e4ufer*in w\/m\/d, in Gr\u00fcnwald<\/a><\/p>\n<p><a href=\"https:\/\/reis-solln.de\/wp-content\/uploads\/2025\/04\/Baeckerei-Reis-Stellenanzeige-Verkaeufer.pdf\"><strong>Verk\u00e4ufer*in\u00a0 w\/m\/d, ab 13:00 Uhr bis Ladenschlie\u00dfung<\/strong><\/a><\/p>\n<p><a href=\"https:\/\/reis-solln.de\/wp-content\/uploads\/2026\/01\/Baeckerei-Reis-Stellenanzeige-Reinigungskraft_2Tage.pdf\"><strong>Reinigungskraft w\/m\/d f\u00fcr 2 Tage die Woche<\/strong><\/a><\/p>\n<p>alle Positionen sind unbefristet, in Teilzeit-oder Vollzeit m\u00f6glich.<\/p>\n<p>Senden Sie Ihre Bewerbung an: bewerbung@reis-solln.de<\/p>\n<p>Wir freuen uns auf Sie!<\/p>\n<\/div><\/div><\/div><\/div><\/div><\/div><\/div><\/section>\n","protected":false},"excerpt":{"rendered":"B\u00e4ckerei Reis &#8211; Ihre Familienb\u00e4ckerei mit Herz &amp; Hand Seit Generationen ist es uns ein Anliegen, unseren Kunden Tag f\u00fcr Tag hochwertige, schmackhafte und frische Backwaren anzubieten, hergestellt nach bester handwerklicher Tradition. Dabei legen wir gr\u00f6\u00dften Wert darauf, dass unsere Produkte ausschlie\u00dflich aus kontrolliert \u00f6kologisch angebautem Getreide von uns produziert werden. Wir verwenden nur beste...","protected":false},"author":1,"featured_media":0,"parent":0,"menu_order":0,"comment_status":"closed","ping_status":"closed","template":"","meta":{"footnotes":""},"class_list":["post-8","page","type-page","status-publish","hentry"],"_links":{"self":[{"href":"https:\/\/reis-solln.de\/index.php?rest_route=\/wp\/v2\/pages\/8","targetHints":{"allow":["GET"]}}],"collection":[{"href":"https:\/\/reis-solln.de\/index.php?rest_route=\/wp\/v2\/pages"}],"about":[{"href":"https:\/\/reis-solln.de\/index.php?rest_route=\/wp\/v2\/types\/page"}],"author":[{"embeddable":true,"href":"https:\/\/reis-solln.de\/index.php?rest_route=\/wp\/v2\/users\/1"}],"replies":[{"embeddable":true,"href":"https:\/\/reis-solln.de\/index.php?rest_route=%2Fwp%2Fv2%2Fcomments&post=8"}],"version-history":[{"count":184,"href":"https:\/\/reis-solln.de\/index.php?rest_route=\/wp\/v2\/pages\/8\/revisions"}],"predecessor-version":[{"id":445,"href":"https:\/\/reis-solln.de\/index.php?rest_route=\/wp\/v2\/pages\/8\/revisions\/445"}],"wp:attachment":[{"href":"https:\/\/reis-solln.de\/index.php?rest_route=%2Fwp%2Fv2%2Fmedia&parent=8"}],"curies":[{"name":"wp","href":"https:\/\/api.w.org\/{rel}","templated":true}]}}